{"id":1664,"date":"2022-10-27T15:35:48","date_gmt":"2022-10-27T20:35:48","guid":{"rendered":"https:\/\/imeditores.com\/banocc\/aves\/?page_id=1664"},"modified":"2022-11-30T09:53:19","modified_gmt":"2022-11-30T14:53:19","slug":"capitulo-08","status":"publish","type":"page","link":"https:\/\/imeditores.com\/banocc\/aves\/capitulo-08\/","title":{"rendered":"Capitulo 08"},"content":{"rendered":"<p>[vc_row full_width=\u00bbstretch_row_content_no_spaces\u00bb full_height=\u00bbyes\u00bb el_class=\u00bbdiv01&#8243; el_id=\u00bbhero_cap_01&#8243;][vc_column]\n\t\t\t<!-- START Hero Cap 08 REVOLUTION SLIDER 6.5.5 --><p class=\"rs-p-wp-fix\"><\/p>\n\t\t\t<rs-module-wrap id=\"rev_slider_23_1_wrapper\" data-source=\"gallery\" style=\"visibility:hidden;background:transparent;padding:0;margin:0px auto;margin-top:0;margin-bottom:0;\">\n\t\t\t\t<rs-module id=\"rev_slider_23_1\" style=\"\" data-version=\"6.5.5\">\n\t\t\t\t\t<rs-slides>\n\t\t\t\t\t\t<rs-slide style=\"position: absolute;\" data-key=\"rs-97\" data-title=\"Slide\" data-duration=\"8800ms\" data-anim=\"ms:1000ms;\" data-in=\"o:0;\" data-out=\"a:false;\">\n\t\t\t\t\t\t\t<img loading=\"lazy\" decoding=\"async\" src=\"\/\/imeditores.com\/banocc\/aves\/wp-content\/plugins\/revslider\/public\/assets\/assets\/dummy.png\" title=\"Tuc\u00e1n silbador\" width=\"1920\" height=\"1080\" class=\"rev-slidebg tp-rs-img rs-lazyload\" data-lazyload=\"\/\/imeditores.com\/banocc\/aves\/wp-content\/uploads\/2022\/11\/bg1_cap0.jpg\" data-panzoom=\"d:9800ms;ss:100;se:120%;os:-200px\/0;oe:-300px\/0;\" data-no-retina>\n<!--\n\t\t\t\t\t\t\t--><rs-layer\n\t\t\t\t\t\t\t\tid=\"slider-23-slide-97-layer-0\" \n\t\t\t\t\t\t\t\tclass=\"rs-selectable\"\n\t\t\t\t\t\t\t\tdata-type=\"shape\"\n\t\t\t\t\t\t\t\tdata-rsp_ch=\"on\"\n\t\t\t\t\t\t\t\tdata-xy=\"x:c;y:b;yo:0,0,0,-1px;\"\n\t\t\t\t\t\t\t\tdata-text=\"w:normal;s:20,17,10,6;l:0,22,13,8;\"\n\t\t\t\t\t\t\t\tdata-dim=\"w:100%;h:280px,248px,190px,190px;\"\n\t\t\t\t\t\t\t\tdata-basealign=\"slide\"\n\t\t\t\t\t\t\t\tdata-frame_999=\"o:1;st:w;sR:8500;\"\n\t\t\t\t\t\t\t\tstyle=\"z-index:6;background:linear-gradient(rgba(0,135,202,0) 0%, rgba(0,135,202,1) 100%);\"\n\t\t\t\t\t\t\t> \n\t\t\t\t\t\t\t<\/rs-layer><!--\n\n\t\t\t\t\t\t\t--><rs-layer\n\t\t\t\t\t\t\t\tid=\"slider-23-slide-97-layer-3\" \n\t\t\t\t\t\t\t\tclass=\"piedefoto rs-selectable\"\n\t\t\t\t\t\t\t\tdata-type=\"text\"\n\t\t\t\t\t\t\t\tdata-rsp_ch=\"on\"\n\t\t\t\t\t\t\t\tdata-xy=\"x:r;xo:100px,90px,54px,33px;y:b;yo:100px,90px,54px,33px;\"\n\t\t\t\t\t\t\t\tdata-text=\"w:normal;s:12;l:20;fw:600;a:left,left,left,right;\"\n\t\t\t\t\t\t\t\tdata-dim=\"w:25%,25%,50%,75%;\"\n\t\t\t\t\t\t\t\tdata-frame_999=\"o:0;st:w;sR:4700;\"\n\t\t\t\t\t\t\t\tstyle=\"z-index:9;font-family:'Raleway';\"\n\t\t\t\t\t\t\t>Los agudos sentidos del tuc\u00e1n silbador <span class=\"piedefotonormal\">(Ramphastos tucanus)<\/span> le permiten encontrar alimento en abundancia. Foto: Sebasti\u00e1n Di Domenico. \n\t\t\t\t\t\t\t<\/rs-layer><!--\n-->\t\t\t\t\t\t<\/rs-slide>\n\t\t\t\t\t<\/rs-slides>\n\t\t\t\t\t<rs-static-layers><!--\n\n\t\t\t\t\t\t\t--><h1\n\t\t\t\t\t\t\t\tid=\"slider-23-slide-23-layer-4\" \n\t\t\t\t\t\t\t\tclass=\"rs-layer rs-selectable rs-layer-static\"\n\t\t\t\t\t\t\t\tdata-type=\"text\"\n\t\t\t\t\t\t\t\tdata-tsh=\"c:rgba(0,0,0,0.5);v:2px;b:6px;\"\n\t\t\t\t\t\t\t\tdata-rsp_ch=\"on\"\n\t\t\t\t\t\t\t\tdata-xy=\"x:c;y:m;yo:-92px,-140px,-96px,-40px;\"\n\t\t\t\t\t\t\t\tdata-text=\"w:normal;s:60,54,36,36;l:55,48,40,36;ls:2px;fw:600;a:center;\"\n\t\t\t\t\t\t\t\tdata-dim=\"w:auto,auto,auto,350px;\"\n\t\t\t\t\t\t\t\tdata-onslides=\"s:1;\"\n\t\t\t\t\t\t\t\tdata-frame_999=\"o:0;st:w;sR:4700;\"\n\t\t\t\t\t\t\t\tstyle=\"z-index:9;font-family:'Raleway';\"\n\t\t\t\t\t\t\t>8. Agradecimientos y fot\u00f3grafos \n\t\t\t\t\t\t\t<\/h1><!--\n\n\t\t\t\t\t\t\t--><rs-layer\n\t\t\t\t\t\t\t\tid=\"slider-23-slide-23-layer-6\" \n\t\t\t\t\t\t\t\tclass=\"rs-selectable rs-layer-static\"\n\t\t\t\t\t\t\t\tdata-type=\"image\"\n\t\t\t\t\t\t\t\tdata-rsp_ch=\"on\"\n\t\t\t\t\t\t\t\tdata-xy=\"x:c;y:m;yo:30px,-34px,-20px,60px;\"\n\t\t\t\t\t\t\t\tdata-text=\"w:normal;s:20,17,10,6;l:0,22,13,8;\"\n\t\t\t\t\t\t\t\tdata-dim=\"w:96px,85px,51px,64px;h:96px,85px,51px,64px;\"\n\t\t\t\t\t\t\t\tdata-actions='id:content01;o:click;a:scrollto;offset:-80px;sp:1000ms;e:power1.inOut;'\n\t\t\t\t\t\t\t\tdata-onslides=\"s:1;\"\n\t\t\t\t\t\t\t\tdata-frame_0=\"y:-120px,-106px,-64px,-39px;oY:-100px;\"\n\t\t\t\t\t\t\t\tdata-frame_1=\"e:power3.out;sp:800;\"\n\t\t\t\t\t\t\t\tdata-frame_999=\"o:0;st:w;\"\n\t\t\t\t\t\t\t\tdata-frame_hover=\"o:0.5;sX:1.1;sY:1.1;sp:600ms;\"\n\t\t\t\t\t\t\t\tdata-loop_0=\"y:-10;\"\n\t\t\t\t\t\t\t\tdata-loop_999=\"y:10;sp:6000;e:sine.inOut;yym:t;\"\n\t\t\t\t\t\t\t\tstyle=\"z-index:8;cursor:pointer;\"\n\t\t\t\t\t\t\t><img loading=\"lazy\" decoding=\"async\" src=\"\/\/imeditores.com\/banocc\/aves\/wp-content\/plugins\/revslider\/public\/assets\/assets\/dummy.png\" class=\"tp-rs-img rs-lazyload\" width=\"192\" height=\"192\" data-lazyload=\"\/\/imeditores.com\/banocc\/aves\/wp-content\/uploads\/2021\/11\/ArrowCircleBottom.png\" data-no-retina> \n\t\t\t\t\t\t\t<\/rs-layer><!--\n\t\t\t\t\t--><\/rs-static-layers>\n\t\t\t\t<\/rs-module>\n\t\t\t\t<script type=\"text\/javascript\">\n\t\t\t\t\tsetREVStartSize({c: 'rev_slider_23_1',rl:[1240,1024,778,480],el:[900,768,960,720],gw:[1440,1280,778,480],gh:[900,768,960,720],type:'standard',justify:'',layout:'fullwidth',mh:\"0\"});if (window.RS_MODULES!==undefined && window.RS_MODULES.modules!==undefined && window.RS_MODULES.modules[\"revslider231\"]!==undefined) {window.RS_MODULES.modules[\"revslider231\"].once = false;window.revapi23 = undefined;window.RS_MODULES.checkMinimal()}\n\t\t\t\t<\/script>\n\t\t\t<\/rs-module-wrap>\n\t\t\t<!-- END REVOLUTION SLIDER -->\n[\/vc_column][\/vc_row][vc_row content_placement=\u00bbmiddle\u00bb css_animation=\u00bbfadeInDown\u00bb el_class=\u00bbdiv07&#8243; el_id=\u00bbtitulo_estatico\u00bb][vc_column][vc_column_text]<\/p>\n<h6 style=\"text-align: left; color: #fff;\">8. Agradecimientos y fot\u00f3grafos<\/h6>\n<p>[\/vc_column_text][\/vc_column][\/vc_row][vc_row full_width=\u00bbstretch_row_content_no_spaces\u00bb content_placement=\u00bbtop\u00bb css_animation=\u00bbfadeIn\u00bb el_class=\u00bbdiv02&#8243; el_id=\u00bbcontent01&#8243;][vc_column][vc_column_text el_class=\u00bbtitulo_01&#8243;]<\/p>\n<h2>Agradecimientos<\/h2>\n<p>[\/vc_column_text][vc_row_inner equal_height=\u00bbyes\u00bb content_placement=\u00bbtop\u00bb gap=\u00bb35&#8243; el_id=\u00bbdiv_agradecimientos\u00bb][vc_column_inner width=\u00bb1\/3&#8243;][vc_column_text]I\/M Editores expresa su agradecimiento a las siguentes entidades y personas cuya generosa colaboraci\u00f3n hizo posible la realizaci\u00f3n de este libro:<\/p>\n<ul>\n<li>Ministerio de Ambiente y Desarrollo Territorial<\/li>\n<li>Unidad Administrativa Especial de Parques Nacionales Naturales de Colombia<\/li>\n<li>Hotel Casa de Remedios La Bella (Ci\u00e9naga)<\/li>\n<li>Gabriel Daza Larrotta<\/li>\n<li>Wilson \u00c1lvarez<\/li>\n<\/ul>\n<p>[\/vc_column_text][\/vc_column_inner][vc_column_inner width=\u00bb1\/3&#8243;][vc_column_text]La autora, Mar\u00eda \u00c1ngela Echeverry-Galvis, agradece a:<\/p>\n<ul>\n<li>Todos aquellos que est\u00e1n dispuestos a aprender, pero sobre todo a quienes siempre estuvieron dispuestos a ense\u00f1arme.<\/li>\n<li>Pontificia Universidad Javeriana, Sede Bogot\u00e1 &#8211; Asociaci\u00f3n Bogotana de Ornitolog\u00eda \u2013ABO\u2013<\/li>\n<li>Red Nacional de Observadores de Aves \u2013MOA\u2013<\/li>\n<li>V\u00edctor Rinc\u00f3n, por el apoyo en la consecuci\u00f3n de cifras y datos espec\u00edficos.<\/li>\n<li>Jos\u00e9 Joaqu\u00edn Prada<\/li>\n<li>Todos los observadores de aves que realizan aportes a la ciencia ciudadana en m\u00faltiples plataformas y medios.<\/li>\n<\/ul>\n<p>[\/vc_column_text][\/vc_column_inner][vc_column_inner width=\u00bb1\/3&#8243;][vc_column_text]El fot\u00f3grafo, Carlos Enrique Stiefken Hollmann, agradece a:<\/p>\n<ul>\n<li>Dr. Carlos Uribe V\u00e9lez, compa\u00f1ero y motivador de mi afici\u00f3n por las aves.<\/li>\n<li>Gabriel Jaramillo Ocampo<\/li>\n<li>Eduard P\u00e1ez (San Antero, C\u00f3rdoba)<\/li>\n<li>Jhon Malaver (Meta)<\/li>\n<li>Daniel Camilo Orjuela (Puerto In\u00edrida)<\/li>\n<li>Cesar Arredondo (San Jos\u00e9 del Guaviare)<\/li>\n<li>Gustavo Echeverry (Pueblo Rico)<\/li>\n<li>William Hurtado, Hacienda El Manantial (Mesetas, Meta)<\/li>\n<li>Hacienda La Leona (Meta)<\/li>\n<li>Gern von Dewitz, Hacienda Cuba (Victoria, Caldas)<\/li>\n<li>Hacienda El Cequi\u00f3n (La Guajira)<\/li>\n<li>Hacienda Verde y Agua (Fusagasug\u00e1)<\/li>\n<li>Hacienda El Alarido (Risaralda)<\/li>\n<li>Finca La Minga (Cali)<\/li>\n<\/ul>\n<p>[\/vc_column_text][\/vc_column_inner][\/vc_row_inner][vc_empty_space height=\u00bb100px\u00bb][\/vc_column][\/vc_row][vc_row full_width=\u00bbstretch_row_content_no_spaces\u00bb content_placement=\u00bbtop\u00bb css_animation=\u00bbnone\u00bb el_class=\u00bbdiv01&#8243;][vc_column][vc_column_text css_animation=\u00bbfadeIn\u00bb el_class=\u00bbtitulo_01&#8243;]<\/p>\n<h2>Fot\u00f3grafos<\/h2>\n<p>[\/vc_column_text][vc_row_inner equal_height=\u00bbyes\u00bb content_placement=\u00bbtop\u00bb gap=\u00bb35&#8243;][vc_column_inner width=\u00bb1\/3&#8243;][\/vc_column_inner][vc_column_inner width=\u00bb1\/3&#8243;][vc_column_text el_id=\u00bbtexto_fotografos\u00bb]<\/p>\n<p style=\"padding-bottom: 10px; text-align: center;\">Todas las fotograf\u00edas son de Carlos Enrique Stiefken Hollmann.<\/p>\n<p style=\"text-align: center;\">Fotograf\u00edas complementarias de Esteban Ortiz Montoya, Juan Carlos Hincapi\u00e9 Consonni, Sebasti\u00e1n Di Domenico, Carlos Uribe V\u00e9lez, Archivo I\/M Editores, Shutterstock.<\/p>\n<p>[\/vc_column_text][\/vc_column_inner][vc_column_inner width=\u00bb1\/3&#8243;][\/vc_column_inner][\/vc_row_inner][vc_empty_space height=\u00bb100px\u00bb][\/vc_column][\/vc_row][vc_row el_id=\u00bbbotones_nav_capitulos\u00bb][vc_column width=\u00bb1\/2&#8243; el_class=\u00bbcolumna_btn_nav_capitulos\u00bb][vc_column_text]<\/p>\n<h6 style=\"text-align: center;\"><a class=\"btn_nav_capitulos\" href=\"https:\/\/imeditores.com\/banocc\/aves\/capitulo-07\/\" target=\"_parent\" rel=\"noopener\">cap\u00edtulo anterior<\/a><\/h6>\n<p>[\/vc_column_text][\/vc_column][vc_column width=\u00bb1\/2&#8243; el_class=\u00bbcolumna_btn_nav_capitulos\u00bb][vc_column_text]<\/p>\n<h6 style=\"text-align: center;\"><a class=\"btn_nav_capitulos\" href=\"https:\/\/imeditores.com\/banocc\/aves\/\" target=\"_parent\" rel=\"noopener\">cap\u00edtulo siguiente<\/a><\/h6>\n<p>[\/vc_column_text][\/vc_column][\/vc_row]<\/p>\n","protected":false},"excerpt":{"rendered":"<p>[vc_row full_width=\u00bbstretch_row_content_no_spaces\u00bb full_height=\u00bbyes\u00bb el_class=\u00bbdiv01&#8243; el_id=\u00bbhero_cap_01&#8243;][vc_column][\/vc_column][\/vc_row][vc_row content_placement=\u00bbmiddle\u00bb css_animation=\u00bbfadeInDown\u00bb el_class=\u00bbdiv07&#8243; el_id=\u00bbtitulo_estatico\u00bb][vc_column][vc_column_text] 8. Agradecimientos y fot\u00f3grafos [\/vc_column_text][\/vc_column][\/vc_row][vc_row full_width=\u00bbstretch_row_content_no_spaces\u00bb content_placement=\u00bbtop\u00bb css_animation=\u00bbfadeIn\u00bb el_class=\u00bbdiv02&#8243; el_id=\u00bbcontent01&#8243;][vc_column][vc_column_text el_class=\u00bbtitulo_01&#8243;] Agradecimientos [\/vc_column_text][vc_row_inner equal_height=\u00bbyes\u00bb content_placement=\u00bbtop\u00bb gap=\u00bb35&#8243; el_id=\u00bbdiv_agradecimientos\u00bb][vc_column_inner width=\u00bb1\/3&#8243;][vc_column_text]I\/M Editores expresa su agradecimiento a las siguentes entidades y personas cuya generosa colaboraci\u00f3n hizo posible la realizaci\u00f3n de este libro: Ministerio de Ambiente y Desarrollo Territorial Unidad Administrativa [&hellip;]<\/p>\n","protected":false},"author":4,"featured_media":0,"parent":0,"menu_order":0,"comment_status":"closed","ping_status":"closed","template":"page.php","meta":{"footnotes":""},"class_list":["post-1664","page","type-page","status-publish","hentry"],"_links":{"self":[{"href":"https:\/\/imeditores.com\/banocc\/aves\/wp-json\/wp\/v2\/pages\/1664","targetHints":{"allow":["GET"]}}],"collection":[{"href":"https:\/\/imeditores.com\/banocc\/aves\/wp-json\/wp\/v2\/pages"}],"about":[{"href":"https:\/\/imeditores.com\/banocc\/aves\/wp-json\/wp\/v2\/types\/page"}],"author":[{"embeddable":true,"href":"https:\/\/imeditores.com\/banocc\/aves\/wp-json\/wp\/v2\/users\/4"}],"replies":[{"embeddable":true,"href":"https:\/\/imeditores.com\/banocc\/aves\/wp-json\/wp\/v2\/comments?post=1664"}],"version-history":[{"count":35,"href":"https:\/\/imeditores.com\/banocc\/aves\/wp-json\/wp\/v2\/pages\/1664\/revisions"}],"predecessor-version":[{"id":2836,"href":"https:\/\/imeditores.com\/banocc\/aves\/wp-json\/wp\/v2\/pages\/1664\/revisions\/2836"}],"wp:attachment":[{"href":"https:\/\/imeditores.com\/banocc\/aves\/wp-json\/wp\/v2\/media?parent=1664"}],"curies":[{"name":"wp","href":"https:\/\/api.w.org\/{rel}","templated":true}]}}